{"id":2856,"date":"2023-10-12T09:11:32","date_gmt":"2023-10-12T09:11:32","guid":{"rendered":"https:\/\/liquipnues.wpengine.com\/?page_id=2856"},"modified":"2026-04-13T12:46:26","modified_gmt":"2026-04-13T12:46:26","slug":"tire-delivery","status":"publish","type":"page","link":"https:\/\/liquipneus.dev.wboitemedia.com\/en\/tire-delivery\/","title":{"rendered":"Tire Delivery"},"content":{"rendered":"<h1>Tire Delivery at Liqui Pneus<\/h1>\n<p>At Liqui Pneus, your convenience and satisfaction are our priorities. We are pleased to offer hassle-free tire delivery service to our valued customers in the greater Montreal area. We are committed to making your tire buying experience transparent and enjoyable. Our free tire delivery service, with the purchase of four tires, rims, or a tire and rim package, ensures you get the tires you need, delivered directly to your doorstep.<\/p>\n<h2>Enjoy Free Delivery<\/h2>\n<p>Buying new tires should be a hassle-free experience, and that&#8217;s exactly what our free delivery service aims to provide. When you purchase four tires from us, you get free delivery to your location, saving you time and effort.<\/p>\n<h2>Coverage in the Greater Montreal Area<\/h2>\n<p>We offer free delivery on purchases of four tires or rims in most major regions of Quebec.<\/p>\n<p>Whether you&#8217;re in Montreal, Quebec City, Laval, Longueuil, Sherbrooke, L\u00e9vis, Saguenay, Gasp\u00e9sie, or Sept-\u00celes, you can take advantage of this convenient service at no additional cost when purchasing four tires, rims, or a tire and rim package.<\/p>\n<p>** All orders of 3 tires, rims or less will incur a delivery fee **<\/p>\n<p>For more information <a href=\"https:\/\/liquipneus.dev.wboitemedia.com\/contact-us\/\">contact us<\/a> today!<\/p>\n<p><a class=\"btn\" href=\"https:\/\/liquipneus.dev.wboitemedia.com\/shop-tires\/\">Order Your Tires Here<\/a><\/p>\n","protected":false},"excerpt":{"rendered":"<p>Tire Delivery at Liqui Pneus At Liqui Pneus, your convenience and satisfaction are our priorities. We are pleased to offer hassle-free tire delivery service to our valued customers in the [&hellip;]<\/p>\n","protected":false},"author":23,"featured_media":0,"parent":0,"menu_order":0,"comment_status":"closed","ping_status":"closed","template":"","meta":{"_acf_changed":false,"footnotes":""},"class_list":["post-2856","page","type-page","status-publish","hentry"],"acf":[],"yoast_head":"<!-- This site is optimized with the Yoast SEO plugin v27.4 - https:\/\/yoast.com\/product\/yoast-seo-wordpress\/ -->\n<title>Tire Delivery Service | In Quebec | LIQUIPNEUS<\/title>\n<meta name=\"description\" content=\"LIQUIPNEUS offers free, fast, and hassle-free tire delivery in most major regions of Quebec with the purchase of four tires or rims.\" \/>\n<meta name=\"robots\" content=\"noindex, follow, max-snippet:-1, max-image-preview:large, max-video-preview:-1\" \/>\n<meta property=\"og:locale\" content=\"en_US\" \/>\n<meta property=\"og:type\" content=\"article\" \/>\n<meta property=\"og:title\" content=\"Tire Delivery Service | In Quebec | LIQUIPNEUS\" \/>\n<meta property=\"og:description\" content=\"LIQUIPNEUS offers free, fast, and hassle-free tire delivery in most major regions of Quebec with the purchase of four tires or rims.\" \/>\n<meta property=\"og:url\" content=\"https:\/\/liquipneus.dev.wboitemedia.com\/en\/tire-delivery\/\" \/>\n<meta property=\"og:site_name\" content=\"Liqui Pneus\" \/>\n<meta property=\"article:modified_time\" content=\"2026-04-13T12:46:26+00:00\" \/>\n<meta name=\"twitter:card\" content=\"summary_large_image\" \/>\n<meta name=\"twitter:label1\" content=\"Est. reading time\" \/>\n\t<meta name=\"twitter:data1\" content=\"1 minute\" \/>\n<script type=\"application\/ld+json\" class=\"yoast-schema-graph\">{\"@context\":\"https:\\\/\\\/schema.org\",\"@graph\":[{\"@type\":\"WebPage\",\"@id\":\"https:\\\/\\\/liquipneus.dev.wboitemedia.com\\\/en\\\/tire-delivery\\\/\",\"url\":\"https:\\\/\\\/liquipneus.dev.wboitemedia.com\\\/en\\\/tire-delivery\\\/\",\"name\":\"Tire Delivery Service | In Quebec | LIQUIPNEUS\",\"isPartOf\":{\"@id\":\"https:\\\/\\\/liquipneus.dev.wboitemedia.com\\\/en\\\/#website\"},\"datePublished\":\"2023-10-12T09:11:32+00:00\",\"dateModified\":\"2026-04-13T12:46:26+00:00\",\"description\":\"LIQUIPNEUS offers free, fast, and hassle-free tire delivery in most major regions of Quebec with the purchase of four tires or rims.\",\"breadcrumb\":{\"@id\":\"https:\\\/\\\/liquipneus.dev.wboitemedia.com\\\/en\\\/tire-delivery\\\/#breadcrumb\"},\"inLanguage\":\"en-US\",\"potentialAction\":[{\"@type\":\"ReadAction\",\"target\":[\"https:\\\/\\\/liquipneus.dev.wboitemedia.com\\\/en\\\/tire-delivery\\\/\"]}]},{\"@type\":\"BreadcrumbList\",\"@id\":\"https:\\\/\\\/liquipneus.dev.wboitemedia.com\\\/en\\\/tire-delivery\\\/#breadcrumb\",\"itemListElement\":[{\"@type\":\"ListItem\",\"position\":1,\"name\":\"Home\",\"item\":\"https:\\\/\\\/liquipneus.dev.wboitemedia.com\\\/en\\\/\"},{\"@type\":\"ListItem\",\"position\":2,\"name\":\"Tire Delivery\"}]},{\"@type\":\"WebSite\",\"@id\":\"https:\\\/\\\/liquipneus.dev.wboitemedia.com\\\/en\\\/#website\",\"url\":\"https:\\\/\\\/liquipneus.dev.wboitemedia.com\\\/en\\\/\",\"name\":\"Liqui Pneus\",\"description\":\"\",\"potentialAction\":[{\"@type\":\"SearchAction\",\"target\":{\"@type\":\"EntryPoint\",\"urlTemplate\":\"https:\\\/\\\/liquipneus.dev.wboitemedia.com\\\/en\\\/?s={search_term_string}\"},\"query-input\":{\"@type\":\"PropertyValueSpecification\",\"valueRequired\":true,\"valueName\":\"search_term_string\"}}],\"inLanguage\":\"en-US\"}]}<\/script>\n<!-- \/ Yoast SEO plugin. -->","yoast_head_json":{"title":"Tire Delivery Service | In Quebec | LIQUIPNEUS","description":"LIQUIPNEUS offers free, fast, and hassle-free tire delivery in most major regions of Quebec with the purchase of four tires or rims.","robots":{"index":"noindex","follow":"follow","max-snippet":"max-snippet:-1","max-image-preview":"max-image-preview:large","max-video-preview":"max-video-preview:-1"},"og_locale":"en_US","og_type":"article","og_title":"Tire Delivery Service | In Quebec | LIQUIPNEUS","og_description":"LIQUIPNEUS offers free, fast, and hassle-free tire delivery in most major regions of Quebec with the purchase of four tires or rims.","og_url":"https:\/\/liquipneus.dev.wboitemedia.com\/en\/tire-delivery\/","og_site_name":"Liqui Pneus","article_modified_time":"2026-04-13T12:46:26+00:00","twitter_card":"summary_large_image","twitter_misc":{"Est. reading time":"1 minute"},"schema":{"@context":"https:\/\/schema.org","@graph":[{"@type":"WebPage","@id":"https:\/\/liquipneus.dev.wboitemedia.com\/en\/tire-delivery\/","url":"https:\/\/liquipneus.dev.wboitemedia.com\/en\/tire-delivery\/","name":"Tire Delivery Service | In Quebec | LIQUIPNEUS","isPartOf":{"@id":"https:\/\/liquipneus.dev.wboitemedia.com\/en\/#website"},"datePublished":"2023-10-12T09:11:32+00:00","dateModified":"2026-04-13T12:46:26+00:00","description":"LIQUIPNEUS offers free, fast, and hassle-free tire delivery in most major regions of Quebec with the purchase of four tires or rims.","breadcrumb":{"@id":"https:\/\/liquipneus.dev.wboitemedia.com\/en\/tire-delivery\/#breadcrumb"},"inLanguage":"en-US","potentialAction":[{"@type":"ReadAction","target":["https:\/\/liquipneus.dev.wboitemedia.com\/en\/tire-delivery\/"]}]},{"@type":"BreadcrumbList","@id":"https:\/\/liquipneus.dev.wboitemedia.com\/en\/tire-delivery\/#breadcrumb","itemListElement":[{"@type":"ListItem","position":1,"name":"Home","item":"https:\/\/liquipneus.dev.wboitemedia.com\/en\/"},{"@type":"ListItem","position":2,"name":"Tire Delivery"}]},{"@type":"WebSite","@id":"https:\/\/liquipneus.dev.wboitemedia.com\/en\/#website","url":"https:\/\/liquipneus.dev.wboitemedia.com\/en\/","name":"Liqui Pneus","description":"","potentialAction":[{"@type":"SearchAction","target":{"@type":"EntryPoint","urlTemplate":"https:\/\/liquipneus.dev.wboitemedia.com\/en\/?s={search_term_string}"},"query-input":{"@type":"PropertyValueSpecification","valueRequired":true,"valueName":"search_term_string"}}],"inLanguage":"en-US"}]}},"_links":{"self":[{"href":"https:\/\/liquipneus.dev.wboitemedia.com\/en\/wp-json\/wp\/v2\/pages\/2856","targetHints":{"allow":["GET"]}}],"collection":[{"href":"https:\/\/liquipneus.dev.wboitemedia.com\/en\/wp-json\/wp\/v2\/pages"}],"about":[{"href":"https:\/\/liquipneus.dev.wboitemedia.com\/en\/wp-json\/wp\/v2\/types\/page"}],"author":[{"embeddable":true,"href":"https:\/\/liquipneus.dev.wboitemedia.com\/en\/wp-json\/wp\/v2\/users\/23"}],"replies":[{"embeddable":true,"href":"https:\/\/liquipneus.dev.wboitemedia.com\/en\/wp-json\/wp\/v2\/comments?post=2856"}],"version-history":[{"count":2,"href":"https:\/\/liquipneus.dev.wboitemedia.com\/en\/wp-json\/wp\/v2\/pages\/2856\/revisions"}],"predecessor-version":[{"id":4185,"href":"https:\/\/liquipneus.dev.wboitemedia.com\/en\/wp-json\/wp\/v2\/pages\/2856\/revisions\/4185"}],"wp:attachment":[{"href":"https:\/\/liquipneus.dev.wboitemedia.com\/en\/wp-json\/wp\/v2\/media?parent=2856"}],"curies":[{"name":"wp","href":"https:\/\/api.w.org\/{rel}","templated":true}]}}